{"id":2317,"date":"2026-01-25T19:51:30","date_gmt":"2026-01-25T18:51:30","guid":{"rendered":"https:\/\/vdevida.es\/?post_type=product&#038;p=2317"},"modified":"2026-01-25T21:20:59","modified_gmt":"2026-01-25T20:20:59","slug":"2317","status":"publish","type":"product","link":"https:\/\/vdevida.es\/en\/product\/2317\/","title":{"rendered":""},"content":{"rendered":"<p>Botas estilo cowboy para mujer, elegante dise\u00f1o troquelado con motivos florales y peque\u00f1os apliques met\u00e1licos. Tac\u00f3n ancho y c\u00f3modo. Cierre de cremallera ideal entretiempo.<\/p>","protected":false},"excerpt":{"rendered":"<p>Botas cowboy con tac\u00f3n y troquelado floral.<\/p>","protected":false},"featured_media":2351,"comment_status":"open","ping_status":"closed","template":"","meta":[],"product_brand":[],"product_cat":[43,28],"product_tag":[],"class_list":{"0":"post-2317","1":"product","2":"type-product","3":"status-publish","4":"has-post-thumbnail","6":"product_cat-calzado","7":"product_cat-sin-categorizar","9":"first","10":"instock","11":"taxable","12":"shipping-taxable","13":"purchasable","14":"product-type-variable"},"_links":{"self":[{"href":"https:\/\/vdevida.es\/en\/wp-json\/wp\/v2\/product\/2317","targetHints":{"allow":["GET"]}}],"collection":[{"href":"https:\/\/vdevida.es\/en\/wp-json\/wp\/v2\/product"}],"about":[{"href":"https:\/\/vdevida.es\/en\/wp-json\/wp\/v2\/types\/product"}],"replies":[{"embeddable":true,"href":"https:\/\/vdevida.es\/en\/wp-json\/wp\/v2\/comments?post=2317"}],"wp:featuredmedia":[{"embeddable":true,"href":"https:\/\/vdevida.es\/en\/wp-json\/wp\/v2\/media\/2351"}],"wp:attachment":[{"href":"https:\/\/vdevida.es\/en\/wp-json\/wp\/v2\/media?parent=2317"}],"wp:term":[{"taxonomy":"product_brand","embeddable":true,"href":"https:\/\/vdevida.es\/en\/wp-json\/wp\/v2\/product_brand?post=2317"},{"taxonomy":"product_cat","embeddable":true,"href":"https:\/\/vdevida.es\/en\/wp-json\/wp\/v2\/product_cat?post=2317"},{"taxonomy":"product_tag","embeddable":true,"href":"https:\/\/vdevida.es\/en\/wp-json\/wp\/v2\/product_tag?post=2317"}],"curies":[{"name":"wp","href":"https:\/\/api.w.org\/{rel}","templated":true}]}}