{"id":675,"date":"2025-03-04T23:21:12","date_gmt":"2025-03-04T22:21:12","guid":{"rendered":"https:\/\/vdevida.es\/?post_type=product&#038;p=675"},"modified":"2025-03-04T23:21:12","modified_gmt":"2025-03-04T22:21:12","slug":"pulsera-virgen-del-rocio-de-plata-y-macrame","status":"publish","type":"product","link":"https:\/\/vdevida.es\/en\/product\/pulsera-virgen-del-rocio-de-plata-y-macrame\/","title":{"rendered":"Pulsera Virgen del Roc\u00edo de plata y macram\u00e9"},"content":{"rendered":"<p>Pulsera de la Virgen del Roc\u00edo en plata de ley 925 con macram\u00e9, color a elegir.<\/p>","protected":false},"excerpt":{"rendered":"<p>Pulsera de la Virgen del Roc\u00edo en plata de ley 925 con macram\u00e9, color a elegir.<\/p>","protected":false},"featured_media":676,"comment_status":"open","ping_status":"closed","template":"","meta":[],"product_brand":[],"product_cat":[36],"product_tag":[],"class_list":{"0":"post-675","1":"product","2":"type-product","3":"status-publish","4":"has-post-thumbnail","6":"product_cat-joyas-de-plata","8":"first","9":"instock","10":"taxable","11":"shipping-taxable","12":"purchasable","13":"product-type-simple"},"_links":{"self":[{"href":"https:\/\/vdevida.es\/en\/wp-json\/wp\/v2\/product\/675","targetHints":{"allow":["GET"]}}],"collection":[{"href":"https:\/\/vdevida.es\/en\/wp-json\/wp\/v2\/product"}],"about":[{"href":"https:\/\/vdevida.es\/en\/wp-json\/wp\/v2\/types\/product"}],"replies":[{"embeddable":true,"href":"https:\/\/vdevida.es\/en\/wp-json\/wp\/v2\/comments?post=675"}],"wp:featuredmedia":[{"embeddable":true,"href":"https:\/\/vdevida.es\/en\/wp-json\/wp\/v2\/media\/676"}],"wp:attachment":[{"href":"https:\/\/vdevida.es\/en\/wp-json\/wp\/v2\/media?parent=675"}],"wp:term":[{"taxonomy":"product_brand","embeddable":true,"href":"https:\/\/vdevida.es\/en\/wp-json\/wp\/v2\/product_brand?post=675"},{"taxonomy":"product_cat","embeddable":true,"href":"https:\/\/vdevida.es\/en\/wp-json\/wp\/v2\/product_cat?post=675"},{"taxonomy":"product_tag","embeddable":true,"href":"https:\/\/vdevida.es\/en\/wp-json\/wp\/v2\/product_tag?post=675"}],"curies":[{"name":"wp","href":"https:\/\/api.w.org\/{rel}","templated":true}]}}